{"id":30,"date":"2023-07-20T14:38:12","date_gmt":"2023-07-20T14:38:12","guid":{"rendered":"https:\/\/www.urbanforest.cat\/?page_id=30"},"modified":"2023-07-20T14:38:17","modified_gmt":"2023-07-20T14:38:17","slug":"esborrany-automatic","status":"publish","type":"page","link":"https:\/\/www.urbanforest.cat\/es\/esborrany-automatic\/","title":{"rendered":"Esborrany autom\u00e0tic"},"content":{"rendered":"<p>[et_pb_section fb_built=\u00bb1&#8243; theme_builder_area=\u00bbpost_content\u00bb _builder_version=\u00bb4.21.0&#8243; _module_preset=\u00bbdefault\u00bb][et_pb_row _builder_version=\u00bb4.21.0&#8243; _module_preset=\u00bbdefault\u00bb theme_builder_area=\u00bbpost_content\u00bb][et_pb_column _builder_version=\u00bb4.21.0&#8243; _module_preset=\u00bbdefault\u00bb type=\u00bb4_4&#8243; theme_builder_area=\u00bbpost_content\u00bb][et_pb_text _builder_version=\u00bb4.21.0&#8243; _module_preset=\u00bbdefault\u00bb theme_builder_area=\u00bbpost_content\u00bb hover_enabled=\u00bb0&#8243; sticky_enabled=\u00bb0&#8243;]Pol\u00edtica de privacitat<br \/>\nProtecci\u00f3 de dades de car\u00e0cter personal<br \/>\nJuan Francisco Moya Sabalete garanteix la seguretat de les dades de car\u00e0cter personal obtinguts a trav\u00e9s de la p\u00e0gina www.urbanforest.cat, tot aix\u00f2, de conformitat amb l\u2019establert per la Llei Org\u00e0nica 15\/1999, de 13 de desembre de Protecci\u00f3 de Dades de car\u00e0cter personal, aix\u00ed com per qualsevol altra normativa que li sigui aplicable. IMPORTANT: Si vost\u00e8 decideix registrar-se com a usuari de la p\u00e0gina www.urbanforest.cat \u00e9s possible que pr\u00e8viament a aix\u00f2, se li requereixi de forma obligat\u00f2ria certa informaci\u00f3 de car\u00e0cter personal. Per aix\u00f2, abans de remetre qualsevol dada de car\u00e0cter personal, se li requereix l\u2019obligatorietat de llegir i acceptar la present Declaraci\u00f3 sobre Protecci\u00f3 de Dades de Car\u00e0cter Personal, pregant-li que en cas que no estigui d\u2019acord amb la mateixa procedeixi a abandonar la p\u00e0gina www.urbanforest.cat.<\/p>\n<p>Finalitat del processament de dades de car\u00e0cter personal<br \/>\n\u00c9s possible que a causa de la utilitzaci\u00f3 de la p\u00e0gina www.urbanforest.cat, li siguin sol\u00b7licitats com a usuari algunes dades de car\u00e0cter personal. La finalitat primordial del tractament de les dades de car\u00e0cter personal que li s\u00f3n requerits a trav\u00e9s de la p\u00e0gina www.urbanforest.cat, no \u00e9s una altra que l\u2019aconseguir oferir-li un servei de qualitat amb el qual poder-li facilitar la informaci\u00f3 sol\u00b7licitada sobre els nostres productes de forma r\u00e0pida i efica\u00e7, aix\u00ed com poder oferir-li un servei personalitzat capa\u00e7 de satisfer les seves necessitats i exig\u00e8ncies. Aix\u00ed mateix aquestes dades podran ser utilitzats amb les seg\u00fcents finalitats (Publicitat \u2013 M\u00e0rqueting \u2013 Prospecci\u00f3 Comercial).<\/p>\n<p>Consentiment previ per al tractament de dades de car\u00e0cter personal<br \/>\nL\u2019usuari \u00e9s lliure de facilitar o no les dades de car\u00e0cter personal que li siguin requerits, no obstant aix\u00f2 algunes dades s\u00f3n absolutament necessaris per oferir-li un servei de qualitat amb el qual poder-li facilitar la informaci\u00f3 sol\u00b7licitada sobre els nostres productes de forma r\u00e0pida i efica\u00e7, aix\u00ed com poder oferir-li un servei personalitzat capa\u00e7 de satisfer les seves necessitats i exig\u00e8ncies, per aix\u00f2, la seva negativa a facilitar-nos aquestes dades pot impedir-nos total o parcialment el prestar-li el servei sol\u00b7licitat. L\u2019usuari garanteix que les dades personals facilitades s\u00f3n veraces i es fa responsable de comunicar a Juan Francisco Moya Sabalete qualsevol modificaci\u00f3 en els mateixos. En qualsevol cas, Juan Francisco Moya Sabalete entendr\u00e0 que pel fet que l\u2019usuari remeti les seves dades de car\u00e0cter personal a trav\u00e9s de la p\u00e0gina www.urbanforest.cat o mitjan\u00e7ant email, o per qualsevol un altre mitj\u00e0, se li est\u00e0 autoritzant expressament per incorporar les dades que li siguin facilitats als fitxers tractats per Juan Francisco Moya Sabalete, tot aix\u00f2, de conformitat amb l\u2019establert en l\u2019article 6.1 de la LOPD. Les seves dades no seran cedits ni comunicats a tercers. L\u2019usuari a qualsevol moment podr\u00e0 revocar el seu consentiment, sense efectes retroactius, al fet que les seves dades de car\u00e0cter personal siguin tractats, la qual cosa al seu torn podria suposar el que se li puguin deixar de prestar total o parcial els serveis sol\u00b7licitats.<\/p>\n<p>Llei 34\/2002, d\u201911 de juliol, de serveis de la societat de la informaci\u00f3 i comer\u00e7 electr\u00f2nic<br \/>\nEn compliment de l\u2019establert en l\u2019article 22 de la Llei 34\/2002, d\u201911 de juliol, de serveis de la societat de la informaci\u00f3 i del comer\u00e7 electr\u00f2nic (LSSICE), Juan Francisco Moya Sabalete comunica als usuaris que envien les seves dades la seva intenci\u00f3 d\u2019enviar-los comunicacions comercials per correu electr\u00f2nic o per qualsevol altre mitj\u00e0 de comunicaci\u00f3 electr\u00f2nica equivalent. Aix\u00ed mateix, els titulars manifesten con\u00e8ixer aquesta intenci\u00f3 i presten el seu consentiment expr\u00e9s per a la recepci\u00f3 de les esmentades comunicacions, en cas contrari, previ enviament de les dades, s\u2019habilitar\u00e0 l\u2019opci\u00f3 als usuaris a oposar-se.<\/p>\n<p>Acc\u00e9s, rectificaci\u00f3, oposici\u00f3 i cancel\u00b7laci\u00f3 de dades de car\u00e0cter personal<br \/>\nQualsevol usuari pot a tot moment exercir els drets d\u2019acc\u00e9s, rectificaci\u00f3, cancel\u00b7laci\u00f3 i oposici\u00f3, mitjan\u00e7ant email a la seg\u00fcent adre\u00e7a: info@urbanforest.cat.\u201d<\/p>\n<p>Cookies<br \/>\nJuan Francisco Moya Sabalete podr\u00e0 introduir en el seu equip informaci\u00f3 espec\u00edfica de manera que sigui possible identificar a l\u2019usuari d\u2019una manera r\u00e0pida i senzill en posteriors visites a la p\u00e0gina www.urbanforest.cat.<\/p>\n<p>Aquestes informacions es denominen cookies, i ofereixen a Juan Francisco Moya Sabalete una s\u00e8rie de dades relacionis amb l\u2019\u00fas de la p\u00e0gina www.urbanforest.cat, tals com el temps i horari de connexi\u00f3, la qual cosa finalment permetr\u00e0 introduir millores enfocades a millorar i augmentar l\u2019efic\u00e0cia i qualitat dels serveis oferts.<\/p>\n<p>Aquell usuari que o b\u00e9 no desitgi que en el seu equip s\u2019introdueixin \u201ccookies\u201d, o b\u00e9 que se li notifiqui quan s\u2019introdueixin, haur\u00e0 de configurar pr\u00e8viament el seu navegador perqu\u00e8 realitzi aquesta funci\u00f3.<\/p>\n<p>Per a m\u00e9s informaci\u00f3 sobre les cookies, consulti la pol\u00edtica de cookies.[\/et_pb_text][\/et_pb_column][\/et_pb_row][\/et_pb_section]<\/p>\n","protected":false},"excerpt":{"rendered":"<p>Pol\u00edtica de privacitat Protecci\u00f3 de dades de car\u00e0cter personal Juan Francisco Moya Sabalete garanteix la seguretat de les dades de car\u00e0cter personal obtinguts a trav\u00e9s de la p\u00e0gina www.urbanforest.cat, tot aix\u00f2, de conformitat amb l\u2019establert per la Llei Org\u00e0nica 15\/1999, de 13 de desembre de Protecci\u00f3 de Dades de car\u00e0cter personal, aix\u00ed com per qualsevol [&hellip;]<\/p>\n","protected":false},"author":1,"featured_media":0,"parent":0,"menu_order":0,"comment_status":"closed","ping_status":"closed","template":"","meta":{"_et_pb_use_builder":"on","_et_pb_old_content":"","_et_gb_content_width":"","inline_featured_image":false,"_joinchat":[],"footnotes":""},"class_list":["post-30","page","type-page","status-publish","hentry"],"yoast_head":"<!-- This site is optimized with the Yoast SEO plugin v21.7 - https:\/\/yoast.com\/wordpress\/plugins\/seo\/ -->\n<title>Esborrany autom\u00e0tic - Urban Forest<\/title>\n<meta name=\"robots\" content=\"index, follow, max-snippet:-1, max-image-preview:large, max-video-preview:-1\" \/>\n<link rel=\"canonical\" href=\"https:\/\/www.urbanforest.cat\/es\/esborrany-automatic\/\" \/>\n<meta property=\"og:locale\" content=\"es_ES\" \/>\n<meta property=\"og:type\" content=\"article\" \/>\n<meta property=\"og:title\" content=\"Esborrany autom\u00e0tic - Urban Forest\" \/>\n<meta property=\"og:description\" content=\"Pol\u00edtica de privacitat Protecci\u00f3 de dades de car\u00e0cter personal Juan Francisco Moya Sabalete garanteix la seguretat de les dades de car\u00e0cter personal obtinguts a trav\u00e9s de la p\u00e0gina www.urbanforest.cat, tot aix\u00f2, de conformitat amb l\u2019establert per la Llei Org\u00e0nica 15\/1999, de 13 de desembre de Protecci\u00f3 de Dades de car\u00e0cter personal, aix\u00ed com per qualsevol [&hellip;]\" \/>\n<meta property=\"og:url\" content=\"https:\/\/www.urbanforest.cat\/es\/esborrany-automatic\/\" \/>\n<meta property=\"og:site_name\" content=\"Urban Forest\" \/>\n<meta property=\"article:modified_time\" content=\"2023-07-20T14:38:17+00:00\" \/>\n<meta name=\"twitter:card\" content=\"summary_large_image\" \/>\n<meta name=\"twitter:label1\" content=\"Tiempo de lectura\" \/>\n\t<meta name=\"twitter:data1\" content=\"5 minutos\" \/>\n<script type=\"application\/ld+json\" class=\"yoast-schema-graph\">{\"@context\":\"https:\/\/schema.org\",\"@graph\":[{\"@type\":\"WebPage\",\"@id\":\"https:\/\/www.urbanforest.cat\/es\/esborrany-automatic\/\",\"url\":\"https:\/\/www.urbanforest.cat\/es\/esborrany-automatic\/\",\"name\":\"Esborrany autom\u00e0tic - Urban Forest\",\"isPartOf\":{\"@id\":\"https:\/\/www.urbanforest.cat\/es\/#website\"},\"datePublished\":\"2023-07-20T14:38:12+00:00\",\"dateModified\":\"2023-07-20T14:38:17+00:00\",\"breadcrumb\":{\"@id\":\"https:\/\/www.urbanforest.cat\/es\/esborrany-automatic\/#breadcrumb\"},\"inLanguage\":\"es\",\"potentialAction\":[{\"@type\":\"ReadAction\",\"target\":[\"https:\/\/www.urbanforest.cat\/es\/esborrany-automatic\/\"]}]},{\"@type\":\"BreadcrumbList\",\"@id\":\"https:\/\/www.urbanforest.cat\/es\/esborrany-automatic\/#breadcrumb\",\"itemListElement\":[{\"@type\":\"ListItem\",\"position\":1,\"name\":\"Inici\",\"item\":\"https:\/\/www.urbanforest.cat\/es\/\"},{\"@type\":\"ListItem\",\"position\":2,\"name\":\"Esborrany autom\u00e0tic\"}]},{\"@type\":\"WebSite\",\"@id\":\"https:\/\/www.urbanforest.cat\/es\/#website\",\"url\":\"https:\/\/www.urbanforest.cat\/es\/\",\"name\":\"Urban Forest\",\"description\":\"Poda i tala d\u2019arbres, desbrossaments, neteja de parcel\u00b7les i treballs forestals\",\"publisher\":{\"@id\":\"https:\/\/www.urbanforest.cat\/es\/#organization\"},\"potentialAction\":[{\"@type\":\"SearchAction\",\"target\":{\"@type\":\"EntryPoint\",\"urlTemplate\":\"https:\/\/www.urbanforest.cat\/es\/?s={search_term_string}\"},\"query-input\":\"required name=search_term_string\"}],\"inLanguage\":\"es\"},{\"@type\":\"Organization\",\"@id\":\"https:\/\/www.urbanforest.cat\/es\/#organization\",\"name\":\"Urban Forest\",\"url\":\"https:\/\/www.urbanforest.cat\/es\/\",\"logo\":{\"@type\":\"ImageObject\",\"inLanguage\":\"es\",\"@id\":\"https:\/\/www.urbanforest.cat\/es\/#\/schema\/logo\/image\/\",\"url\":\"https:\/\/www.urbanforest.cat\/wp-content\/uploads\/2023\/07\/logo2-urban-2.jpg\",\"contentUrl\":\"https:\/\/www.urbanforest.cat\/wp-content\/uploads\/2023\/07\/logo2-urban-2.jpg\",\"width\":692,\"height\":266,\"caption\":\"Urban Forest\"},\"image\":{\"@id\":\"https:\/\/www.urbanforest.cat\/es\/#\/schema\/logo\/image\/\"}}]}<\/script>\n<!-- \/ Yoast SEO plugin. -->","yoast_head_json":{"title":"Esborrany autom\u00e0tic - Urban Forest","robots":{"index":"index","follow":"follow","max-snippet":"max-snippet:-1","max-image-preview":"max-image-preview:large","max-video-preview":"max-video-preview:-1"},"canonical":"https:\/\/www.urbanforest.cat\/es\/esborrany-automatic\/","og_locale":"es_ES","og_type":"article","og_title":"Esborrany autom\u00e0tic - Urban Forest","og_description":"Pol\u00edtica de privacitat Protecci\u00f3 de dades de car\u00e0cter personal Juan Francisco Moya Sabalete garanteix la seguretat de les dades de car\u00e0cter personal obtinguts a trav\u00e9s de la p\u00e0gina www.urbanforest.cat, tot aix\u00f2, de conformitat amb l\u2019establert per la Llei Org\u00e0nica 15\/1999, de 13 de desembre de Protecci\u00f3 de Dades de car\u00e0cter personal, aix\u00ed com per qualsevol [&hellip;]","og_url":"https:\/\/www.urbanforest.cat\/es\/esborrany-automatic\/","og_site_name":"Urban Forest","article_modified_time":"2023-07-20T14:38:17+00:00","twitter_card":"summary_large_image","twitter_misc":{"Tiempo de lectura":"5 minutos"},"schema":{"@context":"https:\/\/schema.org","@graph":[{"@type":"WebPage","@id":"https:\/\/www.urbanforest.cat\/es\/esborrany-automatic\/","url":"https:\/\/www.urbanforest.cat\/es\/esborrany-automatic\/","name":"Esborrany autom\u00e0tic - Urban Forest","isPartOf":{"@id":"https:\/\/www.urbanforest.cat\/es\/#website"},"datePublished":"2023-07-20T14:38:12+00:00","dateModified":"2023-07-20T14:38:17+00:00","breadcrumb":{"@id":"https:\/\/www.urbanforest.cat\/es\/esborrany-automatic\/#breadcrumb"},"inLanguage":"es","potentialAction":[{"@type":"ReadAction","target":["https:\/\/www.urbanforest.cat\/es\/esborrany-automatic\/"]}]},{"@type":"BreadcrumbList","@id":"https:\/\/www.urbanforest.cat\/es\/esborrany-automatic\/#breadcrumb","itemListElement":[{"@type":"ListItem","position":1,"name":"Inici","item":"https:\/\/www.urbanforest.cat\/es\/"},{"@type":"ListItem","position":2,"name":"Esborrany autom\u00e0tic"}]},{"@type":"WebSite","@id":"https:\/\/www.urbanforest.cat\/es\/#website","url":"https:\/\/www.urbanforest.cat\/es\/","name":"Urban Forest","description":"Poda i tala d\u2019arbres, desbrossaments, neteja de parcel\u00b7les i treballs forestals","publisher":{"@id":"https:\/\/www.urbanforest.cat\/es\/#organization"},"potentialAction":[{"@type":"SearchAction","target":{"@type":"EntryPoint","urlTemplate":"https:\/\/www.urbanforest.cat\/es\/?s={search_term_string}"},"query-input":"required name=search_term_string"}],"inLanguage":"es"},{"@type":"Organization","@id":"https:\/\/www.urbanforest.cat\/es\/#organization","name":"Urban Forest","url":"https:\/\/www.urbanforest.cat\/es\/","logo":{"@type":"ImageObject","inLanguage":"es","@id":"https:\/\/www.urbanforest.cat\/es\/#\/schema\/logo\/image\/","url":"https:\/\/www.urbanforest.cat\/wp-content\/uploads\/2023\/07\/logo2-urban-2.jpg","contentUrl":"https:\/\/www.urbanforest.cat\/wp-content\/uploads\/2023\/07\/logo2-urban-2.jpg","width":692,"height":266,"caption":"Urban Forest"},"image":{"@id":"https:\/\/www.urbanforest.cat\/es\/#\/schema\/logo\/image\/"}}]}},"_links":{"self":[{"href":"https:\/\/www.urbanforest.cat\/es\/wp-json\/wp\/v2\/pages\/30","targetHints":{"allow":["GET"]}}],"collection":[{"href":"https:\/\/www.urbanforest.cat\/es\/wp-json\/wp\/v2\/pages"}],"about":[{"href":"https:\/\/www.urbanforest.cat\/es\/wp-json\/wp\/v2\/types\/page"}],"author":[{"embeddable":true,"href":"https:\/\/www.urbanforest.cat\/es\/wp-json\/wp\/v2\/users\/1"}],"replies":[{"embeddable":true,"href":"https:\/\/www.urbanforest.cat\/es\/wp-json\/wp\/v2\/comments?post=30"}],"version-history":[{"count":2,"href":"https:\/\/www.urbanforest.cat\/es\/wp-json\/wp\/v2\/pages\/30\/revisions"}],"predecessor-version":[{"id":32,"href":"https:\/\/www.urbanforest.cat\/es\/wp-json\/wp\/v2\/pages\/30\/revisions\/32"}],"wp:attachment":[{"href":"https:\/\/www.urbanforest.cat\/es\/wp-json\/wp\/v2\/media?parent=30"}],"curies":[{"name":"wp","href":"https:\/\/api.w.org\/{rel}","templated":true}]}}